{"id":3045,"date":"2025-04-14T16:55:14","date_gmt":"2025-04-14T16:55:14","guid":{"rendered":"https:\/\/eunoia.attalaki.org\/%d8%a7%d9%84%d8%af%d9%88%d8%b1%d8%a7%d8%aa-%d8%a7%d9%84%d8%aa%d8%af%d8%b1%d9%8a%d8%a8%d9%8a%d8%a9\/"},"modified":"2025-05-20T11:15:16","modified_gmt":"2025-05-20T11:15:16","slug":"training-courses","status":"publish","type":"page","link":"https:\/\/eunoia.attalaki.org\/en\/training-courses\/","title":{"rendered":"Training courses"},"content":{"rendered":"\t\t<div data-elementor-type=\"wp-page\" data-elementor-id=\"3045\" class=\"elementor elementor-3045 elementor-2459\" data-elementor-settings=\"{&quot;element_pack_global_tooltip_width&quot;:{&quot;unit&quot;:&quot;px&quot;,&quot;size&quot;:&quot;&quot;,&quot;sizes&quot;:[]},&quot;element_pack_global_tooltip_width_tablet&quot;:{&quot;unit&quot;:&quot;px&quot;,&quot;size&quot;:&quot;&quot;,&quot;sizes&quot;:[]},&quot;element_pack_global_tooltip_width_mobile&quot;:{&quot;unit&quot;:&quot;px&quot;,&quot;size&quot;:&quot;&quot;,&quot;sizes&quot;:[]},&quot;element_pack_global_tooltip_padding&quot;:{&quot;unit&quot;:&quot;px&quot;,&quot;top&quot;:&quot;&quot;,&quot;right&quot;:&quot;&quot;,&quot;bottom&quot;:&quot;&quot;,&quot;left&quot;:&quot;&quot;,&quot;isLinked&quot;:true},&quot;element_pack_global_tooltip_padding_tablet&quot;:{&quot;unit&quot;:&quot;px&quot;,&quot;top&quot;:&quot;&quot;,&quot;right&quot;:&quot;&quot;,&quot;bottom&quot;:&quot;&quot;,&quot;left&quot;:&quot;&quot;,&quot;isLinked&quot;:true},&quot;element_pack_global_tooltip_padding_mobile&quot;:{&quot;unit&quot;:&quot;px&quot;,&quot;top&quot;:&quot;&quot;,&quot;right&quot;:&quot;&quot;,&quot;bottom&quot;:&quot;&quot;,&quot;left&quot;:&quot;&quot;,&quot;isLinked&quot;:true},&quot;element_pack_global_tooltip_border_radius&quot;:{&quot;unit&quot;:&quot;px&quot;,&quot;top&quot;:&quot;&quot;,&quot;right&quot;:&quot;&quot;,&quot;bottom&quot;:&quot;&quot;,&quot;left&quot;:&quot;&quot;,&quot;isLinked&quot;:true},&quot;element_pack_global_tooltip_border_radius_tablet&quot;:{&quot;unit&quot;:&quot;px&quot;,&quot;top&quot;:&quot;&quot;,&quot;right&quot;:&quot;&quot;,&quot;bottom&quot;:&quot;&quot;,&quot;left&quot;:&quot;&quot;,&quot;isLinked&quot;:true},&quot;element_pack_global_tooltip_border_radius_mobile&quot;:{&quot;unit&quot;:&quot;px&quot;,&quot;top&quot;:&quot;&quot;,&quot;right&quot;:&quot;&quot;,&quot;bottom&quot;:&quot;&quot;,&quot;left&quot;:&quot;&quot;,&quot;isLinked&quot;:true}}\">\n\t\t\t\t<div class=\"elementor-element elementor-element-c9e4d91 e-flex e-con-boxed e-con e-parent\" data-id=\"c9e4d91\" data-element_type=\"container\">\n\t\t\t\t\t<div class=\"e-con-inner\">\n\t\t\t\t<div class=\"elementor-element elementor-element-ddb22f1 elementor-widget elementor-widget-stm_lms_courses_grid\" data-id=\"ddb22f1\" data-element_type=\"widget\" data-widget_type=\"stm_lms_courses_grid.default\">\n\t\t\t\t<div class=\"elementor-widget-container\">\n\t\t\t\t\t\n<div class=\"stm_lms_courses_grid stm_lms_courses\">\n\n\t<div class=\"stm_lms_courses_grid__top hidden\">\n\t\t<div class=\"stm_lms_courses_grid__counter\">\n\t\t\t\t\t\t\t<h3>\n\t\t\t\t\tTotal: <strong>4 Courses<\/strong>\t\t\t\t\t<a class=\"stm_lms_courses_grid__all\" href=\"https:\/\/eunoia.attalaki.org\/en\/\">\n\t\t\t\t\t\tView all\t\t\t\t\t<\/a>\n\t\t\t\t<\/h3>\n\t\t\t\t\t<\/div>\n\t\t<div class=\"stm_lms_courses_grid__sort heading_font stm_lms_grid_sort_module hidden\"\n\t\t\t\tdata-text=\"Sort by:\">\n\t\t\t<select class=\"no-search\">\n\t\t\t\t<option value=\"date_high\">Release date (newest first)<\/option>\n\t\t\t\t<option value=\"date_low\">Release date (oldest first)<\/option>\n\t\t\t\t\t\t\t\t\t<option value=\"rating\">Overall Rating<\/option>\n\t\t\t\t\t\t\t\t<option value=\"popular\">Popular (most viewed)<\/option>\n\t\t\t<\/select>\n\t\t<\/div>\n\t<\/div>\n\n\t\t\t\t\t<div class=\"stm_lms_courses__grid stm_lms_courses__grid_3 stm_lms_courses__grid_right  stm_lms_courses__grid_found_2\"\n\t\tdata-pages=\"1\">\n\t\n\t\n<div class=\"stm_lms_courses__single stm_lms_courses__single_animation no-sale style_1 \">\n\n\t<div class=\"stm_lms_courses__single__inner\">\n\n\t\t\n<div class=\"stm_lms_courses__single--image\">\n\n\t\t<div class=\"featured-course-container\">\n\t\t\t<\/div>\n\t\n\t<a href=\"https:\/\/eunoia.attalaki.org\/en\/courses\/diversite-religieuse-et-dialogue\/\"\n\tclass=\"heading_font\"\n\tdata-preview=\"Preview this course\">\n\t\t<div class=\"stm_lms_courses__single--image__container\" data-height=160px>\n\t\t\t<img decoding=\"async\" src=\"https:\/\/eunoia.attalaki.org\/wp-content\/uploads\/2025\/05\/Capture-decran-2025-05-13-a-10.54.37-AM-300x225.png\" class=\"\">\t\t<\/div>\n\t<\/a>\n\n<\/div>\n\n\t\t<div class=\"stm_lms_courses__single--inner\">\n\n\t\t\t\n\t<div class=\"stm_lms_courses__single--terms\">\n\t\t<div class=\"stm_lms_courses__single--term\">\n\t\t\tEDUCATION\t\t<\/div>\n\t<\/div>\n\n\t\t\t<div class=\"stm_lms_courses__single--title\">\n\t<a href=\"https:\/\/eunoia.attalaki.org\/en\/courses\/diversite-religieuse-et-dialogue\/\">\n\t\t<h5>Diversit\u00e9 religieuse et dialogue<\/h5>\n\t<\/a>\n<\/div>\n\t\t\t\t\t\t\t<div class=\"stm_lms_courses__single--meta\">\n\t\t\t\t\t\n\n\t\t\t\t\t\t\t<div class=\"stm_lms_courses__single--price heading_font\">\n\t\t<strong>Free<\/strong>\n\t<\/div>\n\t\t\t\t\t<\/div>\n\t\t\t\t\n\t\t<\/div>\n\n\t\t\n<div class=\"stm_lms_courses__single--info\">\n\t\t\t<div class=\"stm_lms_courses__single--info_author\">\n\t\t\t<div class=\"stm_lms_courses__single--info_author__avatar\">\n\t\t\t\t<img src='https:\/\/eunoia.attalaki.org\/wp-content\/uploads\/stm_lms_avatars\/stm_lms_avatar33.png?v=1747131070' class='avatar photo' width='215' \/>\t\t\t<\/div>\n\t\t\t<div class=\"stm_lms_courses__single--info_author__login\">\n\t\t\t\tInclusive citizenship\t\t\t<\/div>\n\t\t<\/div>\n\t\n\t<div class=\"stm_lms_courses__single--info_title\">\n\t\t<a href=\"https:\/\/eunoia.attalaki.org\/en\/courses\/diversite-religieuse-et-dialogue\/\">\n\t\t\t<h4>Diversit\u00e9 religieuse et dialogue<\/h4>\n\t\t<\/a>\n\t<\/div>\n\n\t<div class=\"stm_lms_courses__single--info_rate\">\n\n\t\t\n\t\t\n\t<\/div>\n\n\t<div class=\"stm_lms_courses__single--info_excerpt\">\n\t\tCompr\u00e9hension interconfessionnelle Dans ce cours, nous explorerons la diversit\u00e9 religieuse et la coexistence dans diff\u00e9rents pays. Nous nous concen...\t<\/div>\n\n\t<div class=\"stm_lms_courses__single--info_meta\">\n\t\t\t<div class=\"stm_lms_course__meta\">\n\t\t<i class=\"stmlms-level\"><\/i>\n\t\tIntermediate\t<\/div>\n\n\t<div class=\"stm_lms_course__meta\">\n\t\t<i class=\"stmlms-cats\"><\/i>\n\t\t4 Lectures\t<\/div>\n\n\t<\/div>\n\n\t<div class=\"stm_lms_courses__single--info_preview\">\n\t\t<a href=\"https:\/\/eunoia.attalaki.org\/en\/courses\/diversite-religieuse-et-dialogue\/\" title=\"Diversit\u00e9 religieuse et dialogue\" class=\"heading_font\">\n\t\t\tPreview this course\t\t<\/a>\n\t<\/div>\n\n\t<div class=\"stm_lms_courses__single--info_bottom\">\n\t\t\t<div class=\"stm-lms-wishlist\">\n\t\t<a href=\"https:\/\/eunoia.attalaki.org\/%d8%ad%d8%b3%d8%a7%d8%a8-%d8%a7%d9%84%d9%85%d8%b3%d8%aa%d8%ae%d8%af%d9%85\/\">\n\t\t\t<i class=\"far fa-heart\"><\/i>\n\t\t\t<span>Add to Wishlist<\/span>\n\t\t<\/a>\n\t<\/div>\n\t\n\t\t\t<div class=\"stm_lms_courses__single--price heading_font\">\n\t\t<strong>Free<\/strong>\n\t<\/div>\n\t\t<\/div>\n\n\n<\/div>\n\n\t<\/div>\n\n<\/div>\n\n<div class=\"stm_lms_courses__single stm_lms_courses__single_animation no-sale style_1 \">\n\n\t<div class=\"stm_lms_courses__single__inner\">\n\n\t\t\n<div class=\"stm_lms_courses__single--image\">\n\n\t\t<div class=\"featured-course-container\">\n\t\t\t<\/div>\n\t\n\t<a href=\"https:\/\/eunoia.attalaki.org\/en\/courses\/tanawo3-fi-ta3lim\/\"\n\tclass=\"heading_font\"\n\tdata-preview=\"Preview this course\">\n\t\t<div class=\"stm_lms_courses__single--image__container\" data-height=160px>\n\t\t\t<img decoding=\"async\" src=\"https:\/\/eunoia.attalaki.org\/wp-content\/uploads\/2025\/05\/1-300x225.png\" class=\"\">\t\t<\/div>\n\t<\/a>\n\n<\/div>\n\n\t\t<div class=\"stm_lms_courses__single--inner\">\n\n\t\t\t\n\t<div class=\"stm_lms_courses__single--terms\">\n\t\t<div class=\"stm_lms_courses__single--term\">\n\t\t\tEDUCATION\t\t<\/div>\n\t<\/div>\n\n\t\t\t<div class=\"stm_lms_courses__single--title\">\n\t<a href=\"https:\/\/eunoia.attalaki.org\/en\/courses\/tanawo3-fi-ta3lim\/\">\n\t\t<h5>Promoting diversity in education: Basic Principles and Practices<\/h5>\n\t<\/a>\n<\/div>\n\t\t\t\t\t\t\t<div class=\"stm_lms_courses__single--meta\">\n\t\t\t\t\t\n\n\t\t\t\t\t\t\t<div class=\"stm_lms_courses__single--price heading_font\">\n\t\t<strong>Free<\/strong>\n\t<\/div>\n\t\t\t\t\t<\/div>\n\t\t\t\t\n\t\t<\/div>\n\n\t\t\n<div class=\"stm_lms_courses__single--info\">\n\t\t\t<div class=\"stm_lms_courses__single--info_author\">\n\t\t\t<div class=\"stm_lms_courses__single--info_author__avatar\">\n\t\t\t\t<img src='https:\/\/eunoia.attalaki.org\/wp-content\/uploads\/stm_lms_avatars\/stm_lms_avatar16.png?v=1744650943' class='avatar photo' width='215' \/>\t\t\t<\/div>\n\t\t\t<div class=\"stm_lms_courses__single--info_author__login\">\n\t\t\t\tOmar Fsatwi\t\t\t<\/div>\n\t\t<\/div>\n\t\n\t<div class=\"stm_lms_courses__single--info_title\">\n\t\t<a href=\"https:\/\/eunoia.attalaki.org\/en\/courses\/tanawo3-fi-ta3lim\/\">\n\t\t\t<h4>Promoting diversity in education: Basic Principles and Practices<\/h4>\n\t\t<\/a>\n\t<\/div>\n\n\t<div class=\"stm_lms_courses__single--info_rate\">\n\n\t\t\n\t\t\n\t<\/div>\n\n\t<div class=\"stm_lms_courses__single--info_excerpt\">\n\t\tPromoting Diversity in Education: Key Principles and Practices This course is specifically designed for teachers and educators at all levels of edu...\t<\/div>\n\n\t<div class=\"stm_lms_courses__single--info_meta\">\n\t\t\t<div class=\"stm_lms_course__meta\">\n\t\t<i class=\"stmlms-level\"><\/i>\n\t\t\u0645\u062a\u0642\u062f\u0645\t<\/div>\n\n\t<div class=\"stm_lms_course__meta\">\n\t\t<i class=\"stmlms-cats\"><\/i>\n\t\t20 Lectures\t<\/div>\n\n\t<\/div>\n\n\t<div class=\"stm_lms_courses__single--info_preview\">\n\t\t<a href=\"https:\/\/eunoia.attalaki.org\/en\/courses\/tanawo3-fi-ta3lim\/\" title=\"Promoting diversity in education: Basic Principles and Practices\" class=\"heading_font\">\n\t\t\tPreview this course\t\t<\/a>\n\t<\/div>\n\n\t<div class=\"stm_lms_courses__single--info_bottom\">\n\t\t\t<div class=\"stm-lms-wishlist\">\n\t\t<a href=\"https:\/\/eunoia.attalaki.org\/%d8%ad%d8%b3%d8%a7%d8%a8-%d8%a7%d9%84%d9%85%d8%b3%d8%aa%d8%ae%d8%af%d9%85\/\">\n\t\t\t<i class=\"far fa-heart\"><\/i>\n\t\t\t<span>Add to Wishlist<\/span>\n\t\t<\/a>\n\t<\/div>\n\t\n\t\t\t<div class=\"stm_lms_courses__single--price heading_font\">\n\t\t<strong>Free<\/strong>\n\t<\/div>\n\t\t<\/div>\n\n\n<\/div>\n\n\t<\/div>\n\n<\/div>\n\t\t<\/div>\n\n\t<div class=\"hidden\">\n\t\t\n<div class=\"text-center\">\n\t<a href=\"#\"\n\t\tclass=\"btn btn-default stm_lms_load_more_courses\"\n\t\tdata-offset=\"1\"\n\t\tdata-url=\"\"\n\t\tdata-args='{\"per_row\":\"3\",\"include_link\":true,\"image_size\":\"300x225\",\"course_card_style\":\"style_1\",\"course_card_info\":\"right\",\"img_container_height\":\"160\"}'>\n\t\t<span>Load more<\/span>\n\t<\/a>\n<\/div>\n\t<\/div>\n\n<\/div>\n\t\t\t\t<\/div>\n\t\t\t\t<\/div>\n\t\t\t\t\t<\/div>\n\t\t\t\t<\/div>\n\t\t\t\t<\/div>\n\t\t","protected":false},"excerpt":{"rendered":"<p>\u0627\u0644\u0625\u062c\u0645\u0627\u0644\u064a: 4 \u062f\u0648\u0631\u0629 \u0639\u0631\u0636 \u0627\u0644\u0643\u0644. \u062a\u0627\u0631\u064a\u062e \u0627\u0644\u0625\u0635\u062f\u0627\u0631 (\u0627\u0644\u0623\u062d\u062f\u062b \u0623\u0648\u0644\u0627\u064b)\u062a\u0627\u0631\u064a\u062e \u0627\u0644\u0625\u0635\u062f\u0627\u0631 (\u0627\u0644\u0623\u0642\u062f\u0645 \u0623\u0648\u0644\u0627\u064b)\u0627\u0644\u062a\u0642\u064a\u064a\u0645 \u0627\u0644\u0639\u0627\u0645\u0634\u0627\u0626\u0639 (\u0627\u0644\u0623\u0643\u062b\u0631 \u0645\u0634\u0627\u0647\u062f\u0629) EDUCATION Diversit\u00e9 religieuse et dialogue \u0627\u0644\u0623\u0639\u0636\u0627\u0621 \u0641\u0642\u0637 Inclusive citizenship Diversit\u00e9 religieuse et dialogue Compr\u00e9hension interconfessionnelle Dans ce cours, nous explorerons la diversit\u00e9 religieuse et la coexistence dans diff\u00e9rents pays. Nous nous concen&#8230; Intermediate 4 \u0645\u062d\u0627\u0636\u0631\u0627\u062a \u0645\u0639\u0627\u064a\u0646\u0629 \u0647\u0630\u0647 \u0627\u0644\u062f\u0648\u0631\u0629 \u0625\u0636\u0627\u0641\u0629 \u0625\u0644\u0649 [&hellip;]<\/p>\n","protected":false},"author":1,"featured_media":0,"parent":0,"menu_order":0,"comment_status":"closed","ping_status":"closed","template":"","meta":{"pmpro_default_level":"","footnotes":""},"class_list":["post-3045","page","type-page","status-publish","hentry","pmpro-has-access"],"_links":{"self":[{"href":"https:\/\/eunoia.attalaki.org\/en\/wp-json\/wp\/v2\/pages\/3045","targetHints":{"allow":["GET"]}}],"collection":[{"href":"https:\/\/eunoia.attalaki.org\/en\/wp-json\/wp\/v2\/pages"}],"about":[{"href":"https:\/\/eunoia.attalaki.org\/en\/wp-json\/wp\/v2\/types\/page"}],"author":[{"embeddable":true,"href":"https:\/\/eunoia.attalaki.org\/en\/wp-json\/wp\/v2\/users\/1"}],"replies":[{"embeddable":true,"href":"https:\/\/eunoia.attalaki.org\/en\/wp-json\/wp\/v2\/comments?post=3045"}],"version-history":[{"count":8,"href":"https:\/\/eunoia.attalaki.org\/en\/wp-json\/wp\/v2\/pages\/3045\/revisions"}],"predecessor-version":[{"id":3546,"href":"https:\/\/eunoia.attalaki.org\/en\/wp-json\/wp\/v2\/pages\/3045\/revisions\/3546"}],"wp:attachment":[{"href":"https:\/\/eunoia.attalaki.org\/en\/wp-json\/wp\/v2\/media?parent=3045"}],"curies":[{"name":"wp","href":"https:\/\/api.w.org\/{rel}","templated":true}]}}